{"id":9,"date":"2014-03-03T17:07:15","date_gmt":"2014-03-03T16:07:15","guid":{"rendered":"http:\/\/localhost.checkstar-tech.it\/activity\/"},"modified":"2022-11-11T16:22:39","modified_gmt":"2022-11-11T15:22:39","slug":"politica-de-cookies","status":"publish","type":"page","link":"https:\/\/www.checkstar-techblog.it\/es\/politica-de-cookies\/","title":{"rendered":"Pol\u00edtica de cookies"},"content":{"rendered":"<p><b><i>\u00bfCu\u00e1les son<\/i><\/b><\/p>\n<p>Las cookies son peque\u00f1os archivos de texto que se almacenan en su ordenador o dispositivo m\u00f3vil cuando visita nuestro sitio web.<\/p>\n<p><b><i>Para qu\u00e9 sirven<\/i><\/b><\/p>\n<p>Utilizamos cookies para garantizar la mejor experiencia de usuario en nuestro sitio.<\/p>\n<p><b><i>Tipos de cookies<\/i><\/b><\/p>\n<p>Las cookies se clasifican de la siguiente manera.<\/p>\n<p><i>Cookies de sesi\u00f3n.\u00a0<\/i>Las cookies se eliminan autom\u00e1ticamente cuando el usuario cierra el navegador.<\/p>\n<p><i>Cookies persistentes.<\/i>\u00a0Cookies que permanecen almacenadas en el dispositivo del usuario hasta que se alcanza una fecha determinada de finalizaci\u00f3n (en t\u00e9rminos de minutos, d\u00edas o a\u00f1os despu\u00e9s de la creaci\u00f3n\/actualizaci\u00f3n de la cookie).<\/p>\n<p><i>Cookies de terceros.\u00a0<\/i>\u00a0Cookies almacenadas en nombre de terceros.<\/p>\n<p>Es posible controlar y eliminar cookies individuales mediante la configuraci\u00f3n de la mayor\u00eda de los navegadores. Sin embargo, esto puede impedirle utilizar correctamente determinadas funciones de nuestro sitio web.<\/p>\n<p>Para m\u00e1s informaci\u00f3n, consulte www.aboutcookies.org o www.allaboutcookies.org..<\/p>\n<p>Para optimizar su experiencia al gestionar las cookies, hemos decidido organizarlas en cuatro categor\u00edas seg\u00fan su finalidad: esenciales, de confort, de rendimiento y publicitarias.<\/p>\n<p><b>Esencial<\/b>Estas cookies son indispensables para el buen funcionamiento del sitio y sus funciones. Ejemplos: cookies de autenticaci\u00f3n.<\/p>\n<p><b>Confort<\/b>: Estas cookies permiten mejorar la comodidad y la usabilidad de los sitios de Internet y ofrecen diversas funciones. Por ejemplo, en las cookies de comodidad se pueden almacenar resultados de b\u00fasqueda, ajustes de idioma, tama\u00f1o de letra.<\/p>\n<p><b>Rendimiento<\/b>Estas cookies recopilan informaci\u00f3n sobre c\u00f3mo se utilizan los sitios web. Las cookies de rendimiento nos ayudan, por ejemplo, a determinar qu\u00e9 \u00e1reas de nuestro sitio son las m\u00e1s populares. Esto nos permite adaptar el contenido de las p\u00e1ginas de Internet a sus deseos y, al mismo tiempo, mejorar los servicios de Internet ofrecidos.<\/p>\n<p><b>Publicidad<\/b>: Estas cookies se utilizan para personalizar el env\u00edo de informaci\u00f3n y comunicaciones publicitarias en funci\u00f3n de los intereses del usuario, por ejemplo, bas\u00e1ndose en las p\u00e1ginas visitadas.<\/p>\n<p>A continuaci\u00f3n figura una lista de las cookies utilizadas por este sitio.<\/p>\n<h3 class=\"fw-bolder fs-5 csmm_letter_spacing csmm_blue_txt\">Lista de Cookies<\/h3>\n<p><b>NID<br \/>\n<\/b>Cookie NID de Google, utilizada por Google Maps para datos estad\u00edsticos no personales que pueden permitir el seguimiento.<\/p>\n<p><b>PREF<br \/>\n<\/b>Almacena las preferencias del usuario a trav\u00e9s de Google.<\/p>\n<p><b>_ZopeId<br \/>\n<\/b>Cookie de Zope utilizada para la gesti\u00f3n de sesiones.<\/p>\n<p><b>_gat_gtag<br \/>\n_ga<br \/>\n_gid<br \/>\n<\/b>Cookies de Google Analytics, nos permiten controlar y analizar los datos de tr\u00e1fico y se utilizan para rastrear el comportamiento del usuario con el fin de mejorar su experiencia.<\/p>\n<p><b>__stid<br \/>\n<\/b>Compartir Estas cookies se establecen cuando un usuario ve la barra de compartir en las redes sociales.<\/p>\n<p><b>__unam<br \/>\n<\/b>Configurado como parte del servicio Share This, controla la actividad de los clics, por ejemplo, las p\u00e1ginas web vistas, la navegaci\u00f3n de una p\u00e1gina a otra y el tiempo pasado en cada p\u00e1gina.<\/p>\n<p><b>__uset<br \/>\n<\/b>Comparte esta galleta.<\/p>\n<p><b>__utma<br \/>\n<\/b>Determina los visitantes \u00fanicos.<\/p>\n<p><b>__utmb<br \/>\n<\/b>Se utiliza para establecer y continuar una sesi\u00f3n de usuario.<\/p>\n<p><b>__utmc<br \/>\n<\/b>Determina si se establece o no una nueva sesi\u00f3n para el usuario.<\/p>\n<p><b>__utmt<br \/>\n<\/b>Permite limitar la frecuencia de las solicitudes.<\/p>\n<p><b>__utmz<br \/>\n<\/b>Almacena el tipo de referencia utilizado por el visitante para llegar a un sitio web.<\/p>\n<p><b>__ac<br \/>\n<\/b>Galleta conectada.<\/p>\n<p><b>UID<br \/>\n<\/b>ScoreCard Research Beacon, cookies utilizadas para estad\u00edsticas del sitio de forma an\u00f3nima.<\/p>\n<p><b>UIDR<br \/>\n<\/b>ScoreCard Research Beacon, cookies utilizadas para estad\u00edsticas del sitio de forma an\u00f3nima.<\/p>\n<p><b>na_tc<br \/>\n<\/b>Utilizado por DataLogix para rastrear el comportamiento de navegaci\u00f3n web.<\/p>\n<p><b>sg1<br \/>\n<\/b>No clasificado.<\/p>\n<p><b>RCIID<br \/>\n<\/b>No clasificado.<\/p>\n<p><b>GEUP<br \/>\n<\/b>Cookies de Youtube utilizadas para recopilar informaci\u00f3n estad\u00edstica an\u00f3nima y evaluar el rendimiento de los v\u00eddeos incrustados en el sitio.<\/p>\n<p><b>PREF<br \/>\n<\/b>Cookies de Youtube utilizadas para recopilar informaci\u00f3n estad\u00edstica an\u00f3nima y evaluar el rendimiento de los v\u00eddeos incrustados en el sitio.<\/p>\n<p><b>VISITOR_INFO1_LIVE<br \/>\n<\/b>Cookies de Youtube utilizadas para recopilar informaci\u00f3n estad\u00edstica an\u00f3nima y evaluar el rendimiento de los v\u00eddeos incrustados en el sitio.<\/p>\n<p><b>YSC<br \/>\n<\/b>Cookies de Youtube utilizadas para recopilar informaci\u00f3n estad\u00edstica an\u00f3nima y evaluar el rendimiento de los v\u00eddeos incrustados en el sitio.<\/p>","protected":false},"excerpt":{"rendered":"<p>Qu\u00e9 son las cookies Las cookies son peque\u00f1os archivos de texto que se almacenan en el ordenador o dispositivo m\u00f3vil del usuario cuando visita [...].<\/p>","protected":false},"author":49,"featured_media":0,"parent":0,"menu_order":0,"comment_status":"closed","ping_status":"closed","template":"","meta":{"footnotes":""},"acf":[],"featured_image_urls":{},"_links":{"self":[{"href":"https:\/\/www.checkstar-techblog.it\/es\/wp-json\/wp\/v2\/pages\/9"}],"collection":[{"href":"https:\/\/www.checkstar-techblog.it\/es\/wp-json\/wp\/v2\/pages"}],"about":[{"href":"https:\/\/www.checkstar-techblog.it\/es\/wp-json\/wp\/v2\/types\/page"}],"author":[{"embeddable":true,"href":"https:\/\/www.checkstar-techblog.it\/es\/wp-json\/wp\/v2\/users\/49"}],"replies":[{"embeddable":true,"href":"https:\/\/www.checkstar-techblog.it\/es\/wp-json\/wp\/v2\/comments?post=9"}],"version-history":[{"count":0,"href":"https:\/\/www.checkstar-techblog.it\/es\/wp-json\/wp\/v2\/pages\/9\/revisions"}],"wp:attachment":[{"href":"https:\/\/www.checkstar-techblog.it\/es\/wp-json\/wp\/v2\/media?parent=9"}],"curies":[{"name":"wp","href":"https:\/\/api.w.org\/{rel}","templated":true}]}}