{"id":8979,"date":"2017-02-28T12:31:06","date_gmt":"2017-02-28T11:31:06","guid":{"rendered":"http:\/\/www.checkstar-techblog.it\/login\/"},"modified":"2022-11-11T15:54:00","modified_gmt":"2022-11-11T14:54:00","slug":"normas-de-uso","status":"publish","type":"page","link":"https:\/\/www.checkstar-techblog.it\/es\/normas-de-uso\/","title":{"rendered":"Normas de uso"},"content":{"rendered":"<p>Para que este Blog sea lo m\u00e1s profesional y t\u00e9cnico posible, a continuaci\u00f3n esbozamos algunas reglas b\u00e1sicas de comportamiento a la hora de tratar un tema (t\u00f3pico). La observancia de estas reglas es fundamental para que la direcci\u00f3n del Blog sea de todos los participantes para llegar a soluciones r\u00e1pidas y eficaces, para ser compartidas dentro de este espacio y para ser utilizadas externamente de forma juiciosa, con respeto \u00e9tico a Magneti Marelli y a la afiliaci\u00f3n con ella.<\/p>\n<p>1. Este blog es un espacio de uso profesional, por lo tanto dedicado exclusivamente a Profesionales.<\/p>\n<p>2. A diferencia de los blogs abiertos, los temas (t\u00f3picos) pueden ser propuestos por todos los miembros del equipo; corresponder\u00e1 a los administradores de la gesti\u00f3n de la movilidad moderar y evaluar el contenido de los debates.<\/p>\n<p>3. Se recomienda evitar las actitudes pol\u00e9micas porque s\u00ed, es decir, aquellas que no persiguen la b\u00fasqueda de soluciones compartidas; este tipo de contenidos no se publicar\u00e1n (ir\u00e1n a la secci\u00f3n \"off topic\"), ni se aprobar\u00e1n los comentarios que contengan enlaces a sitios externos que no est\u00e9n estrictamente relacionados con los temas de debate.<\/p>\n<p>4. Si tomas informaci\u00f3n de fuera del Blog T\u00e9cnico, es preferible citar la fuente.<\/p>\n<p>5. Cuando escribas un post, recuerda escribir primero el T\u00edtulo. De lo contrario, el post no ser\u00e1 destacado por la aplicaci\u00f3n, que tampoco permitir\u00e1 a los usuarios responder.<\/p>\n<p>6. El Blog T\u00e9cnico no es un servicio de informaci\u00f3n general en l\u00ednea. Por lo tanto, las preguntas de car\u00e1cter comercial, organizativo, de informaci\u00f3n espec\u00edfica, de apoyo y otras de car\u00e1cter contingente se dirigir\u00e1n a los departamentos correspondientes o al personal de campo dedicado a usted.<\/p>\n<p>7. Cualquier falta reiterada dar\u00e1 lugar al bloqueo de las credenciales de acceso.<\/p>\n<p>Seguros de que comprende la utilidad de estas normas para la consecuci\u00f3n de nuestros objetivos profesionales comunes, le agradecemos de antemano su colaboraci\u00f3n.<\/p>\n<p>Gracias y buena participaci\u00f3n.<\/p>","protected":false},"excerpt":{"rendered":"<p>Para que este blog sea lo m\u00e1s profesional y t\u00e9cnico posible, a continuaci\u00f3n exponemos algunas normas b\u00e1sicas de conducta [...].<\/p>","protected":false},"author":260,"featured_media":0,"parent":0,"menu_order":0,"comment_status":"closed","ping_status":"closed","template":"","meta":{"footnotes":""},"acf":[],"featured_image_urls":{},"_links":{"self":[{"href":"https:\/\/www.checkstar-techblog.it\/es\/wp-json\/wp\/v2\/pages\/8979"}],"collection":[{"href":"https:\/\/www.checkstar-techblog.it\/es\/wp-json\/wp\/v2\/pages"}],"about":[{"href":"https:\/\/www.checkstar-techblog.it\/es\/wp-json\/wp\/v2\/types\/page"}],"author":[{"embeddable":true,"href":"https:\/\/www.checkstar-techblog.it\/es\/wp-json\/wp\/v2\/users\/260"}],"replies":[{"embeddable":true,"href":"https:\/\/www.checkstar-techblog.it\/es\/wp-json\/wp\/v2\/comments?post=8979"}],"version-history":[{"count":0,"href":"https:\/\/www.checkstar-techblog.it\/es\/wp-json\/wp\/v2\/pages\/8979\/revisions"}],"wp:attachment":[{"href":"https:\/\/www.checkstar-techblog.it\/es\/wp-json\/wp\/v2\/media?parent=8979"}],"curies":[{"name":"wp","href":"https:\/\/api.w.org\/{rel}","templated":true}]}}