{"id":15599,"date":"2022-12-12T15:06:30","date_gmt":"2022-12-12T14:06:30","guid":{"rendered":"https:\/\/www.checkstar-techblog.it\/?page_id=15599"},"modified":"2023-04-14T15:30:40","modified_gmt":"2023-04-14T13:30:40","slug":"lista-modulos","status":"publish","type":"page","link":"https:\/\/www.checkstar-techblog.it\/es\/lista-modulos\/","title":{"rendered":"Mis m\u00f3dulos"},"content":{"rendered":"<h3 class=\"fw-bolder mb-4 text-center csmm_letter_spacing csmm_blue_txt\">Archivo de formularios enviados<\/h3>\n<div class=\"d-flex align-items-start\">\n<div id=\"v-pills-tab\" class=\"nav col-2 flex-column nav-pills me-3\" role=\"tablist\" aria-orientation=\"vertical\"><span class=\"text-center\">Selecciona el m\u00f3dulo:<\/span><button id=\"v-pills-modulo-supporto-tab\" class=\"nav-link active mt-4\" role=\"tab\" type=\"button\" data-bs-toggle=\"pill\" data-bs-target=\"#v-pills-modulo-supporto\" aria-controls=\"v-pills-modulo-supporto\" aria-selected=\"true\">SOPORTE T\u00c9CNICO<\/button><button id=\"v-pills-modulo-targhe-tab\" class=\"nav-link\" role=\"tab\" type=\"button\" data-bs-toggle=\"pill\" data-bs-target=\"#v-pills-modulo-targhe\" aria-controls=\"v-pills-modulo-targhe\" aria-selected=\"false\">COMPRA DE PLACAS\/SMS<\/button><button id=\"v-pills-modulo-divo-tab\" class=\"nav-link\" role=\"tab\" type=\"button\" data-bs-toggle=\"pill\" data-bs-target=\"#v-pills-modulo-divo\" aria-controls=\"v-pills-modulo-divo\" aria-selected=\"false\">ACTIVACI\u00d3N DIV.O<\/button><button id=\"v-pills-modulo-secpass-tab\" class=\"nav-link\" role=\"tab\" type=\"button\" data-bs-toggle=\"pill\" data-bs-target=\"#v-pills-modulo-secpass\" aria-controls=\"v-pills-modulo-secpass\" aria-selected=\"false\">ACTIVACI\u00d3N DEL PASE DE SEGURIDAD<\/button><button id=\"v-pills-modulo-cargate-tab\" class=\"nav-link\" role=\"tab\" type=\"button\" data-bs-toggle=\"pill\" data-bs-target=\"#v-pills-modulo-cargate\" aria-controls=\"v-pills-modulo-cargate\" aria-selected=\"false\">CARGATE<\/button><button id=\"v-pills-modulo-fullcar-tab\" class=\"nav-link\" role=\"tab\" type=\"button\" data-bs-toggle=\"pill\" data-bs-target=\"#v-pills-modulo-fullcar\" aria-controls=\"v-pills-modulo-fullcar\" aria-selected=\"false\">FULLCAR<\/button><button id=\"v-pills-modulo-starcompleto-tab\" class=\"nav-link\" role=\"tab\" type=\"button\" data-bs-toggle=\"pill\" data-bs-target=\"#v-pills-modulo-starcompleto\" aria-controls=\"v-pills-modulo-starcompleto\" aria-selected=\"false\">ESTRELLA COMPLETA<\/button><button id=\"v-pills-modulo-atit-tab\" class=\"nav-link\" role=\"tab\" type=\"button\" data-bs-toggle=\"pill\" data-bs-target=\"#v-pills-modulo-atit\" aria-controls=\"v-pills-modulo-starcompleto\" aria-selected=\"false\">TRANSMISI\u00d3N AUTOM\u00c1TICA INFO TECH<\/button><button id=\"v-pills-modulo-bianco-tab\" class=\"nav-link\" role=\"tab\" type=\"button\" data-bs-toggle=\"pill\" data-bs-target=\"#v-pills-modulo-bianco\" aria-controls=\"v-pills-modulo-bianco\" aria-selected=\"false\">BLANCO PARA LICENCIAS\/SUSCRIPCIONES<\/button><button id=\"v-pills-modulo-diagnosi-tab\" class=\"nav-link\" role=\"tab\" type=\"button\" data-bs-toggle=\"pill\" data-bs-target=\"#v-pills-modulo-diagnosi\" aria-controls=\"v-pills-modulo-diagnosi\" aria-selected=\"false\">SOLICITUD DE INTERVENCI\u00d3N DE HERRAMIENTAS DE DIAGN\u00d3STICO<\/button><button id=\"v-pills-modulo-garanzia-tab\" class=\"nav-link\" role=\"tab\" type=\"button\" data-bs-toggle=\"pill\" data-bs-target=\"#v-pills-modulo-garanzia\" aria-controls=\"v-pills-modulo-garanzia\" aria-selected=\"false\">RECLAMACI\u00d3N DE GARANT\u00cdA<\/button><\/div>\n<div id=\"v-pills-tabContent\" class=\"tab-content ps-4\">\n<div id=\"v-pills-modulo-supporto\" class=\"tab-pane fade show active\" tabindex=\"0\" role=\"tabpanel\" aria-labelledby=\"v-pills-modulo-supporto-tab\">\n<div class=\"table table-striped\">[gravityview id='16417\u2032]<\/div>\n<\/div>\n<div id=\"v-pills-modulo-targhe\" class=\"tab-pane fade\" tabindex=\"0\" role=\"tabpanel\" aria-labelledby=\"v-pills-modulo-targhe-tab\">\n<div class=\"table table-striped\">[gravityview id='15595\u2032]<\/div>\n<\/div>\n<div id=\"v-pills-modulo-divo\" class=\"tab-pane fade\" tabindex=\"0\" role=\"tabpanel\" aria-labelledby=\"v-pills-modulo-divo-tab\">\n<div class=\"table table-striped\">[gravityview id='16369\u2032]<\/div>\n<\/div>\n<div id=\"v-pills-modulo-secpass\" class=\"tab-pane fade\" tabindex=\"0\" role=\"tabpanel\" aria-labelledby=\"v-pills-modulo-secpass-tab\">\n<div class=\"table table-striped\">[gravityview id='16380\u2032]<\/div>\n<\/div>\n<div id=\"v-pills-modulo-cargate\" class=\"tab-pane fade\" tabindex=\"0\" role=\"tabpanel\" aria-labelledby=\"v-pills-modulo-cargate-tab\">\n<div class=\"table table-striped\">[gravityview id='16387\u2032]<\/div>\n<\/div>\n<div id=\"v-pills-modulo-fullcar\" class=\"tab-pane fade\" tabindex=\"0\" role=\"tabpanel\" aria-labelledby=\"v-pills-modulo-fullcar-tab\">\n<div class=\"table table-striped\">[gravityview id='16390\u2032]<\/div>\n<\/div>\n<div id=\"v-pills-modulo-starcompleto\" class=\"tab-pane fade\" tabindex=\"0\" role=\"tabpanel\" aria-labelledby=\"v-pills-modulo-starcompleto-tab\">\n<div class=\"table table-striped\">[gravityview id='16393\u2032]<\/div>\n<\/div>\n<div id=\"v-pills-modulo-atit\" class=\"tab-pane fade\" tabindex=\"0\" role=\"tabpanel\" aria-labelledby=\"v-pills-modulo-atit-tab\">\n<div class=\"table table-striped\">[gravityview id='16402\u2032]<\/div>\n<\/div>\n<div id=\"v-pills-modulo-bianco\" class=\"tab-pane fade\" tabindex=\"0\" role=\"tabpanel\" aria-labelledby=\"v-pills-modulo-bianco-tab\">\n<div class=\"table table-striped\">[gravityview id='16405\u2032]<\/div>\n<\/div>\n<div id=\"v-pills-modulo-diagnosi\" class=\"tab-pane fade\" tabindex=\"0\" role=\"tabpanel\" aria-labelledby=\"v-pills-modulo-diagnosi-tab\">\n<div class=\"table table-striped\">[gravityview id='16409\u2032]]<\/div>\n<\/div>\n<div id=\"v-pills-modulo-garanzia\" class=\"tab-pane fade\" tabindex=\"0\" role=\"tabpanel\" aria-labelledby=\"v-pills-modulo-garanzia-tab\">\n<div class=\"table table-striped\">[gravityview id='16414\u2032]<\/div>\n<\/div>\n<\/div>\n<\/div>\n<p><!--[gravityview id=\"15595\"] search_field=\"created_by\" search_operator=\"is\" search_value=\"{user:ID}\" --><\/p>","protected":false},"excerpt":{"rendered":"<p>Archivo de los formularios enviados Seleccione el formulario:ASISTENCIA T\u00c9CNICADIRECCI\u00d3N DE COMPRAS\/SMSACTIVACI\u00d3N DIV.OACTIVACI\u00d3N PASO DE SEGURIDADSCARGATEFULLCARSTAR COMPLETOAUTOMATIC TRANSMISSION INFO TECHBIANCO PARA LICENCIAS\/ABONACIONESRECLAMACI\u00d3N DE INTERVENCI\u00d3N DIAGN\u00d3STICA INSTRUMENTORECLAMACI\u00d3N DE REEMBOLSO [...]<\/p>","protected":false},"author":2101,"featured_media":0,"parent":0,"menu_order":0,"comment_status":"closed","ping_status":"closed","template":"page-templates\/template-page-logged.php","meta":{"footnotes":""},"acf":[],"featured_image_urls":{},"_links":{"self":[{"href":"https:\/\/www.checkstar-techblog.it\/es\/wp-json\/wp\/v2\/pages\/15599"}],"collection":[{"href":"https:\/\/www.checkstar-techblog.it\/es\/wp-json\/wp\/v2\/pages"}],"about":[{"href":"https:\/\/www.checkstar-techblog.it\/es\/wp-json\/wp\/v2\/types\/page"}],"author":[{"embeddable":true,"href":"https:\/\/www.checkstar-techblog.it\/es\/wp-json\/wp\/v2\/users\/2101"}],"replies":[{"embeddable":true,"href":"https:\/\/www.checkstar-techblog.it\/es\/wp-json\/wp\/v2\/comments?post=15599"}],"version-history":[{"count":0,"href":"https:\/\/www.checkstar-techblog.it\/es\/wp-json\/wp\/v2\/pages\/15599\/revisions"}],"wp:attachment":[{"href":"https:\/\/www.checkstar-techblog.it\/es\/wp-json\/wp\/v2\/media?parent=15599"}],"curies":[{"name":"wp","href":"https:\/\/api.w.org\/{rel}","templated":true}]}}