{"id":15031,"date":"2022-11-11T16:30:12","date_gmt":"2022-11-11T15:30:12","guid":{"rendered":"https:\/\/www.checkstar-techblog.it\/?page_id=15031"},"modified":"2022-11-11T16:30:12","modified_gmt":"2022-11-11T15:30:12","slug":"politica-de-privacidad","status":"publish","type":"page","link":"https:\/\/www.checkstar-techblog.it\/es\/politica-de-privacidad\/","title":{"rendered":"Pol\u00edtica de privacidad"},"content":{"rendered":"<p>La Pol\u00edtica de Privacidad tiene por objeto describir la gesti\u00f3n de los datos personales recogidos por MarelliAftermarket Italy S.p.A. a trav\u00e9s de este sitio web, de conformidad con el Reglamento UE 2016\/679 (GDPR - General Data Protection Regulation) relativo a la protecci\u00f3n de las personas f\u00edsicas en lo que respecta al tratamiento y a la libre circulaci\u00f3n de los datos personales.<\/p>\n<h3 class=\"fw-bolder fs-5 csmm_letter_spacing csmm_blue_txt\">Recogida de datos personales<\/h3>\n<p>Los datos personales que pueden recogerse son los siguientes:<\/p>\n<p>- datos personales facilitados para recibir un servicio espec\u00edfico (por ejemplo, nombre y datos de contacto);<\/p>\n<p>- datos de navegaci\u00f3n (por ejemplo, direcci\u00f3n IP, ubicaci\u00f3n - pa\u00eds, informaci\u00f3n sobre las p\u00e1ginas visitadas por el usuario dentro del sitio web, tiempo de permanencia en el sitio web, tiempo de permanencia en cada p\u00e1gina, an\u00e1lisis del flujo de clics. Aunque la Empresa no recopila esta informaci\u00f3n para asociarla a usuarios espec\u00edficos, es posible identificar a dichos usuarios directamente a trav\u00e9s de esta informaci\u00f3n o utilizando otra informaci\u00f3n recopilada);<\/p>\n<p>- cookies (es decir, peque\u00f1os archivos de texto que pueden ser enviados y registrados en el ordenador del usuario por los sitios web visitados, y luego transmitidos de nuevo a los mismos sitios cuando el usuario vuelve a visitarlos. Para m\u00e1s informaci\u00f3n, consulte\u00a0<i>Pol\u00edtica de cookies<\/i> en el sitio web).<\/p>\n<p><b>FINES Y M\u00c9TODOS DE TRATAMIENTO<\/b><\/p>\n<p>Los datos personales recogidos (\"Datos\") podr\u00e1n ser tratados para los siguientes fines:<\/p>\n<p>- para ejecutar una solicitud espec\u00edfica del usuario o prestar el servicio solicitado (\"Servicio\");<\/p>\n<p>- permitir a la Empresa realizar encuestas destinadas a mejorar la calidad de los productos y servicios prestados, basadas en el inter\u00e9s leg\u00edtimo de la Empresa (\"Satisfacci\u00f3n del cliente\").<\/p>\n<p>- mejorar la experiencia del usuario en los sitios web de la Empresa.<\/p>\n<p>Los Datos podr\u00e1n ser tratados por medios impresos, automatizados o electr\u00f3nicos y, en particular, por correo ordinario o electr\u00f3nico, tel\u00e9fono (por ejemplo, llamadas automatizadas, SMS, MMS), fax y cualquier otro canal inform\u00e1tico (por ejemplo, sitios web, aplicaci\u00f3n m\u00f3vil).<\/p>\n<p><b>OTRAS ENTIDADES QUE PUEDAN TRATAR DATOS<\/b><\/p>\n<p>Los datos pueden ser tratados por entidades que operan en nombre de la Empresa y en virtud de obligaciones contractuales espec\u00edficas, en pa\u00edses de la UE o de fuera de la UE.<\/p>\n<p>Los datos podr\u00e1n ser comunicados a terceros para cumplir obligaciones legales, para cumplir \u00f3rdenes de autoridades p\u00fablicas o para ejercer un derecho de la Empresa ante los tribunales.<\/p>\n<p><b>TRANSFERENCIA DE DATOS FUERA DEL ESPACIO ECON\u00d3MICO EUROPEO (EEE)<\/b><\/p>\n<p>En el \u00e1mbito de las relaciones contractuales de la Sociedad, los Datos podr\u00e1n ser transferidos fuera del territorio del Espacio Econ\u00f3mico Europeo (EEE), tambi\u00e9n mediante la inclusi\u00f3n de los mismos en bases de datos gestionadas por terceras empresas, que operan por cuenta de la Sociedad. La gesti\u00f3n de las bases de datos y el tratamiento de los Datos est\u00e1n vinculados a las finalidades para las que fueron recogidos y se realizan en el pleno respeto de la legislaci\u00f3n aplicable en materia de protecci\u00f3n de datos personales.<\/p>\n<p>Siempre que los Datos se transfieran fuera del EEE, la Empresa adoptar\u00e1 todas las medidas contractuales apropiadas y necesarias para garantizar un nivel adecuado de protecci\u00f3n de Datos, incluidos, entre otros, acuerdos basados en las cl\u00e1usulas contractuales tipo para la transferencia de datos fuera del EEE, aprobadas por la Comisi\u00f3n Europea.<\/p>\n<p><b>ENLACES A SITIOS WEB DE TERCEROS<\/b><\/p>\n<p>Los sitios web de terceros accesibles desde este sitio son responsabilidad de terceros.<\/p>\n<p>La Empresa declina toda responsabilidad por las solicitudes y\/o el suministro de datos personales a sitios web de terceros.<\/p>\n<p><b>CONTROLADOR DE DATOS \u00a0<\/b><\/p>\n<p>El responsable del tratamiento de los datos es Marelli Aftermarket Italy S.p.A., con domicilio social en viale Aldo Borletti 61\/63 - 20011 Corbetta (MI).<\/p>\n<p><b>CONSERVACI\u00d3N DE DATOS<\/b><\/p>\n<p>Los datos tratados para la prestaci\u00f3n del Servicio y para la Satisfacci\u00f3n del Cliente ser\u00e1n conservados por la Empresa durante el plazo que se considere estrictamente necesario para la consecuci\u00f3n de estos fines.<\/p>\n<p>No obstante, la Empresa podr\u00e1 seguir almacenando dichos Datos durante un per\u00edodo m\u00e1s largo para poder gestionar cualquier litigio relacionado con la prestaci\u00f3n del Servicio.<\/p>\n<p>Los datos tratados para mejorar la experiencia del usuario en los sitios web se conservar\u00e1n durante los periodos indicados en el\u00a0<i>Pol\u00edtica de cookies<\/i>.<\/p>\n<p><b>DERECHOS DEL INTERESADO<\/b><\/p>\n<p>Se conceden al interesado los siguientes derechos:<\/p>\n<p>- derecho de acceso, es decir, el derecho a obtener de la Empresa confirmaci\u00f3n de si se est\u00e1n tratando o no Datos y, en caso afirmativo, a obtener acceso a los mismos;<\/p>\n<p>- Derecho de rectificaci\u00f3n y supresi\u00f3n, es decir, derecho a que se rectifiquen los Datos inexactos y\/o se completen o supriman los Datos incompletos por motivos leg\u00edtimos;<\/p>\n<p>- el derecho a la restricci\u00f3n del tratamiento, es decir, el derecho a solicitar la suspensi\u00f3n del tratamiento cuando existan motivos leg\u00edtimos;<\/p>\n<p>- el derecho a la portabilidad de los datos, es decir, el derecho a recibir los Datos en un formato estructurado, de uso com\u00fan y legible, as\u00ed como el derecho a transmitir los Datos a otro responsable del tratamiento;<\/p>\n<p>- derecho de oposici\u00f3n, es decir, el derecho a oponerse al tratamiento de los Datos cuando existan motivos leg\u00edtimos, incluido el tratamiento de los Datos con fines de marketing y elaboraci\u00f3n de perfiles, en su caso;<\/p>\n<p>- derecho a recurrir ante la autoridad competente en materia de protecci\u00f3n de datos en caso de tratamiento il\u00edcito de los mismos.<\/p>\n<p>El interesado podr\u00e1 ejercer los derechos arriba indicados escribiendo a Marelli Aftermarket Italy S.p.A., viale Aldo Borletti 61\/63 - 20011 Corbetta (MI) o a la direcci\u00f3n de correo electr\u00f3nico <a href=\"mailto:privacy@magnetimarelli.com\">privacy@magnetimarelli.com<\/a>.<\/p>\n<p><b>CAMBIOS<\/b><\/p>\n<p>Esta Pol\u00edtica de Privacidad entr\u00f3 en vigor el 22\/05\/2018.<\/p>\n<p>La Empresa se reserva el derecho a modificar total o parcialmente la Pol\u00edtica de Privacidad o simplemente a actualizar su contenido (por ejemplo, debido a cambios en la legislaci\u00f3n aplicable). La Empresa publicar\u00e1 cualquier actualizaci\u00f3n en este sitio web.<\/p>","protected":false},"excerpt":{"rendered":"<p>La Pol\u00edtica de Privacidad tiene por objeto describir la gesti\u00f3n de los datos personales recogidos por MarelliAftermarket Italy S.p.A. a trav\u00e9s de este sitio web [...].<\/p>","protected":false},"author":2101,"featured_media":0,"parent":0,"menu_order":0,"comment_status":"closed","ping_status":"closed","template":"","meta":{"footnotes":""},"acf":[],"featured_image_urls":{},"_links":{"self":[{"href":"https:\/\/www.checkstar-techblog.it\/es\/wp-json\/wp\/v2\/pages\/15031"}],"collection":[{"href":"https:\/\/www.checkstar-techblog.it\/es\/wp-json\/wp\/v2\/pages"}],"about":[{"href":"https:\/\/www.checkstar-techblog.it\/es\/wp-json\/wp\/v2\/types\/page"}],"author":[{"embeddable":true,"href":"https:\/\/www.checkstar-techblog.it\/es\/wp-json\/wp\/v2\/users\/2101"}],"replies":[{"embeddable":true,"href":"https:\/\/www.checkstar-techblog.it\/es\/wp-json\/wp\/v2\/comments?post=15031"}],"version-history":[{"count":0,"href":"https:\/\/www.checkstar-techblog.it\/es\/wp-json\/wp\/v2\/pages\/15031\/revisions"}],"wp:attachment":[{"href":"https:\/\/www.checkstar-techblog.it\/es\/wp-json\/wp\/v2\/media?parent=15031"}],"curies":[{"name":"wp","href":"https:\/\/api.w.org\/{rel}","templated":true}]}}